{"id":597,"date":"2016-08-08T12:12:01","date_gmt":"2016-08-08T12:12:01","guid":{"rendered":"http:\/\/www.french-rose.com\/fr\/useful-links"},"modified":"2021-11-08T09:43:49","modified_gmt":"2021-11-08T09:43:49","slug":"useful-links","status":"publish","type":"page","link":"https:\/\/www.french-rose.com\/fr\/useful-links","title":{"rendered":"Liens utiles et partenaires"},"content":{"rendered":"<p>[et_pb_section fb_built=\u00a0\u00bb1&Prime; fullwidth=\u00a0\u00bbon\u00a0\u00bb admin_label=\u00a0\u00bbSection\u00a0\u00bb _builder_version=\u00a0\u00bb3.22&Prime; global_colors_info=\u00a0\u00bb{}\u00a0\u00bb][et_pb_fullwidth_slider show_pagination=\u00a0\u00bboff\u00a0\u00bb admin_label=\u00a0\u00bbSLIDER LINKS\u00a0\u00bb _builder_version=\u00a0\u00bb3.16&Prime; header_font=\u00a0\u00bbDancing Script||||\u00a0\u00bb header_font_size=\u00a0\u00bb73&Prime; header_letter_spacing=\u00a0\u00bb5px\u00a0\u00bb body_font=\u00a0\u00bbDancing Script||||\u00a0\u00bb parallax=\u00a0\u00bbon\u00a0\u00bb custom_button=\u00a0\u00bbon\u00a0\u00bb custom_padding=\u00a0\u00bb|||\u00a0\u00bb custom_padding_tablet=\u00a0\u00bb|||\u00a0\u00bb custom_padding_phone=\u00a0\u00bb|||\u00a0\u00bb auto=\u00a0\u00bbon\u00a0\u00bb auto_ignore_hover=\u00a0\u00bbon\u00a0\u00bb box_shadow_style=\u00a0\u00bbpreset6&Prime; box_shadow_blur=\u00a0\u00bb10px\u00a0\u00bb box_shadow_color=\u00a0\u00bbrgba(0,0,0,0.1)\u00a0\u00bb remove_inner_shadow=\u00a0\u00bboff\u00a0\u00bb hide_content_on_mobile=\u00a0\u00bboff\u00a0\u00bb hide_cta_on_mobile=\u00a0\u00bboff\u00a0\u00bb show_inner_shadow=\u00a0\u00bbon\u00a0\u00bb button_letter_spacing_hover=\u00a0\u00bb0&Prime; saved_tabs=\u00a0\u00bball\u00a0\u00bb global_colors_info=\u00a0\u00bb{}\u00a0\u00bb button_text_size__hover_enabled=\u00a0\u00bboff\u00a0\u00bb button_one_text_size__hover_enabled=\u00a0\u00bboff\u00a0\u00bb button_two_text_size__hover_enabled=\u00a0\u00bboff\u00a0\u00bb button_text_color__hover_enabled=\u00a0\u00bboff\u00a0\u00bb button_one_text_color__hover_enabled=\u00a0\u00bboff\u00a0\u00bb button_two_text_color__hover_enabled=\u00a0\u00bboff\u00a0\u00bb button_border_width__hover_enabled=\u00a0\u00bboff\u00a0\u00bb button_one_border_width__hover_enabled=\u00a0\u00bboff\u00a0\u00bb button_two_border_width__hover_enabled=\u00a0\u00bboff\u00a0\u00bb button_border_color__hover_enabled=\u00a0\u00bboff\u00a0\u00bb button_one_border_color__hover_enabled=\u00a0\u00bboff\u00a0\u00bb button_two_border_color__hover_enabled=\u00a0\u00bboff\u00a0\u00bb button_border_radius__hover_enabled=\u00a0\u00bboff\u00a0\u00bb button_one_border_radius__hover_enabled=\u00a0\u00bboff\u00a0\u00bb button_two_border_radius__hover_enabled=\u00a0\u00bboff\u00a0\u00bb button_letter_spacing__hover_enabled=\u00a0\u00bbon\u00a0\u00bb button_letter_spacing__hover=\u00a0\u00bb0&Prime; button_one_letter_spacing__hover_enabled=\u00a0\u00bboff\u00a0\u00bb button_two_letter_spacing__hover_enabled=\u00a0\u00bboff\u00a0\u00bb button_bg_color__hover_enabled=\u00a0\u00bboff\u00a0\u00bb button_one_bg_color__hover_enabled=\u00a0\u00bboff\u00a0\u00bb button_two_bg_color__hover_enabled=\u00a0\u00bboff\u00a0\u00bb][et_pb_slide heading=\u00a0\u00bbLiens utiles\u00a0\u00bb use_bg_overlay=\u00a0\u00bboff\u00a0\u00bb use_text_overlay=\u00a0\u00bboff\u00a0\u00bb arrows_custom_color=\u00a0\u00bb#eded6d\u00a0\u00bb dot_nav_custom_color=\u00a0\u00bb#b88ee2&Prime; _builder_version=\u00a0\u00bb3.16&Prime; header_font=\u00a0\u00bbDancing Script||||\u00a0\u00bb header_font_size=\u00a0\u00bb50&Prime; body_font=\u00a0\u00bb||||\u00a0\u00bb background_color=\u00a0\u00bb#ffffff\u00a0\u00bb background_image=\u00a0\u00bbhttps:\/\/www.french-rose.com\/wp-content\/uploads\/2016\/08\/vines-amy-1.jpg\u00a0\u00bb custom_button=\u00a0\u00bbon\u00a0\u00bb button_bg_color=\u00a0\u00bbrgba(221,153,51,0.72)\u00a0\u00bb button_font=\u00a0\u00bb||||\u00a0\u00bb button_icon_placement=\u00a0\u00bbright\u00a0\u00bb button_on_hover=\u00a0\u00bbon\u00a0\u00bb header_font_size_tablet=\u00a0\u00bb60&Prime; header_font_size_phone=\u00a0\u00bb60&Prime; header_font_size_last_edited=\u00a0\u00bbon|\u00a0\u00bb global_colors_info=\u00a0\u00bb{}\u00a0\u00bb button_text_size__hover_enabled=\u00a0\u00bboff\u00a0\u00bb button_one_text_size__hover_enabled=\u00a0\u00bboff\u00a0\u00bb button_two_text_size__hover_enabled=\u00a0\u00bboff\u00a0\u00bb button_text_color__hover_enabled=\u00a0\u00bboff\u00a0\u00bb button_one_text_color__hover_enabled=\u00a0\u00bboff\u00a0\u00bb button_two_text_color__hover_enabled=\u00a0\u00bboff\u00a0\u00bb button_border_width__hover_enabled=\u00a0\u00bboff\u00a0\u00bb button_one_border_width__hover_enabled=\u00a0\u00bboff\u00a0\u00bb button_two_border_width__hover_enabled=\u00a0\u00bboff\u00a0\u00bb button_border_color__hover_enabled=\u00a0\u00bboff\u00a0\u00bb button_one_border_color__hover_enabled=\u00a0\u00bboff\u00a0\u00bb button_two_border_color__hover_enabled=\u00a0\u00bboff\u00a0\u00bb button_border_radius__hover_enabled=\u00a0\u00bboff\u00a0\u00bb button_one_border_radius__hover_enabled=\u00a0\u00bboff\u00a0\u00bb button_two_border_radius__hover_enabled=\u00a0\u00bboff\u00a0\u00bb button_letter_spacing__hover_enabled=\u00a0\u00bboff\u00a0\u00bb button_one_letter_spacing__hover_enabled=\u00a0\u00bboff\u00a0\u00bb button_two_letter_spacing__hover_enabled=\u00a0\u00bboff\u00a0\u00bb button_bg_color__hover_enabled=\u00a0\u00bboff\u00a0\u00bb button_one_bg_color__hover_enabled=\u00a0\u00bboff\u00a0\u00bb button_two_bg_color__hover_enabled=\u00a0\u00bboff\u00a0\u00bb sticky_transition=\u00a0\u00bbon\u00a0\u00bb][\/et_pb_slide][\/et_pb_fullwidth_slider][\/et_pb_section][et_pb_section fb_built=\u00a0\u00bb1&Prime; custom_padding_last_edited=\u00a0\u00bbon|desktop\u00a0\u00bb admin_label=\u00a0\u00bbsection\u00a0\u00bb _builder_version=\u00a0\u00bb3.22&Prime; background_color=\u00a0\u00bb#ffffff\u00a0\u00bb background_image=\u00a0\u00bbhttps:\/\/www.french-rose.com\/wp-content\/uploads\/2016\/07\/rose-amy-8-BG-1.jpg\u00a0\u00bb parallax=\u00a0\u00bbon\u00a0\u00bb parallax_method=\u00a0\u00bboff\u00a0\u00bb custom_padding_tablet=\u00a0\u00bb50px|0|50px|0&Prime; custom_padding_phone=\u00a0\u00bb\u00a0\u00bb transparent_background=\u00a0\u00bboff\u00a0\u00bb padding_mobile=\u00a0\u00bboff\u00a0\u00bb make_fullwidth=\u00a0\u00bboff\u00a0\u00bb use_custom_width=\u00a0\u00bboff\u00a0\u00bb width_unit=\u00a0\u00bbon\u00a0\u00bb global_colors_info=\u00a0\u00bb{}\u00a0\u00bb][et_pb_row column_structure=\u00a0\u00bb2_3,1_3&Prime; admin_label=\u00a0\u00bbRow\u00a0\u00bb _builder_version=\u00a0\u00bb3.25&Prime; background_size=\u00a0\u00bbinitial\u00a0\u00bb background_position=\u00a0\u00bbtop_left\u00a0\u00bb background_repeat=\u00a0\u00bbrepeat\u00a0\u00bb global_colors_info=\u00a0\u00bb{}\u00a0\u00bb][et_pb_column type=\u00a0\u00bb2_3&Prime; _builder_version=\u00a0\u00bb3.25&Prime; custom_padding=\u00a0\u00bb|||\u00a0\u00bb global_colors_info=\u00a0\u00bb{}\u00a0\u00bb custom_padding__hover=\u00a0\u00bb|||\u00a0\u00bb][et_pb_text admin_label=\u00a0\u00bbTitle\u00a0\u00bb _builder_version=\u00a0\u00bb3.27.4&Prime; header_line_height=\u00a0\u00bb1.1em\u00a0\u00bb background_size=\u00a0\u00bbinitial\u00a0\u00bb background_position=\u00a0\u00bbtop_left\u00a0\u00bb background_repeat=\u00a0\u00bbrepeat\u00a0\u00bb custom_padding=\u00a0\u00bb30px|8px|35px|8px\u00a0\u00bb use_border_color=\u00a0\u00bboff\u00a0\u00bb border_color=\u00a0\u00bb#ffffff\u00a0\u00bb border_style=\u00a0\u00bbsolid\u00a0\u00bb global_colors_info=\u00a0\u00bb{}\u00a0\u00bb]<\/p>\n<h2 style=\"text-align: center;\">LIENS TOURISME ET PARTENAIRES<br \/>\nTourisme et h\u00e9bergements<\/h2>\n<p>[\/et_pb_text][\/et_pb_column][et_pb_column type=\u00a0\u00bb1_3&Prime; _builder_version=\u00a0\u00bb3.25&Prime; custom_padding=\u00a0\u00bb|||\u00a0\u00bb global_colors_info=\u00a0\u00bb{}\u00a0\u00bb custom_padding__hover=\u00a0\u00bb|||\u00a0\u00bb][et_pb_text admin_label=\u00a0\u00bbADDRESS\u00a0\u00bb _builder_version=\u00a0\u00bb4.13.0&Prime; background_size=\u00a0\u00bbinitial\u00a0\u00bb background_position=\u00a0\u00bbtop_left\u00a0\u00bb background_repeat=\u00a0\u00bbrepeat\u00a0\u00bb custom_padding=\u00a0\u00bb10px|20px|10px|20px\u00a0\u00bb hover_enabled=\u00a0\u00bb0&Prime; use_border_color=\u00a0\u00bboff\u00a0\u00bb border_color=\u00a0\u00bb#ffffff\u00a0\u00bb border_style=\u00a0\u00bbsolid\u00a0\u00bb saved_tabs=\u00a0\u00bball\u00a0\u00bb global_colors_info=\u00a0\u00bb{}\u00a0\u00bb sticky_enabled=\u00a0\u00bb0&Prime;]<\/p>\n<p style=\"text-align: center;\"><span style=\"font-size: 14pt; color: #0000ff;\"><br \/>\nAtelier de la <span style=\"color: #ff0010;\">R<\/span>ose<\/span><br \/>\n66 Place de la Bastide,<br \/>\n 46700 Montcabrier<br \/>\n tel : 05 65 24 66 36<br \/>\n cell : 06 87 82 33 18<\/p>\n<p>[\/et_pb_text][\/et_pb_column][\/et_pb_row][et_pb_row admin_label=\u00a0\u00bbrow\u00a0\u00bb _builder_version=\u00a0\u00bb3.25&Prime; background_size=\u00a0\u00bbinitial\u00a0\u00bb background_position=\u00a0\u00bbtop_left\u00a0\u00bb background_repeat=\u00a0\u00bbrepeat\u00a0\u00bb global_colors_info=\u00a0\u00bb{}\u00a0\u00bb][et_pb_column type=\u00a0\u00bb4_4&Prime; _builder_version=\u00a0\u00bb3.25&Prime; custom_padding=\u00a0\u00bb|||\u00a0\u00bb global_colors_info=\u00a0\u00bb{}\u00a0\u00bb custom_padding__hover=\u00a0\u00bb|||\u00a0\u00bb][et_pb_text admin_label=\u00a0\u00bbTEXTE MODULE HOME\u00a0\u00bb _builder_version=\u00a0\u00bb4.8.2&Prime; background_size=\u00a0\u00bbinitial\u00a0\u00bb background_position=\u00a0\u00bbtop_left\u00a0\u00bb background_repeat=\u00a0\u00bbrepeat\u00a0\u00bb custom_padding=\u00a0\u00bb32px|25px|32px|25px\u00a0\u00bb use_border_color=\u00a0\u00bboff\u00a0\u00bb border_color=\u00a0\u00bb#ffffff\u00a0\u00bb border_width=\u00a0\u00bb3px\u00a0\u00bb border_style=\u00a0\u00bbsolid\u00a0\u00bb saved_tabs=\u00a0\u00bball\u00a0\u00bb global_colors_info=\u00a0\u00bb{}\u00a0\u00bb]<\/p>\n<p><a href=\"http:\/\/www.chemins-compostelle.com\/hebergeur\" target=\"_blank\" rel=\"noopener noreferrer\"><u>www.chemins-compostelle.com<\/u><\/a> : Une liste d&rsquo;h\u00e9bergements sur diff\u00e9rents itin\u00e9raires vers Saint-Jacques de Compostelle en France et en Espagne.<\/p>\n<p><a href=\"http:\/\/www.tourisme-lot-vignoble.com\" target=\"_blank\" rel=\"noopener noreferrer\"><u>www.tourisme-lot-vignoble.com<\/u><\/a> : Site Internet de l&rsquo;office de tourisme intercommunal de la vall\u00e9e du Lot et du Vignoble, Puy l&rsquo;Ev\u00eaque, Prayssac, Duravel, Luzech et Mauroux.<\/p>\n<p><a href=\"http:\/\/www.tourisme-lot.com\/\" target=\"_blank\" rel=\"noopener noreferrer\"><u>www.tourisme-lot.com<\/u><\/a> : le Site officiel du Tourisme dans le Lot. Informations touristiques, historiques et pratiques. Agenda des manifestations couvrant l&rsquo;ensemble du d\u00e9partement (Lang : en, fr, Catalano)<\/p>\n<p><a href=\"http:\/\/www.patrimoine-lot.com\" target=\"_blank\" rel=\"noopener noreferrer\"><u>www.patrimoine-lot.com<\/u><\/a> : Le portail patrimoine du Lot (Conseil G\u00e9n\u00e9ral du Lot). (Lang : fr).<\/p>\n<p><a href=\"http:\/\/www.pechmerle.com\/\" target=\"_blank\" rel=\"noopener noreferrer\"><u> www.pechmerle.com<\/u><\/a> : La grotte orn\u00e9e de Pech Merle vieille de 20 000 ans, le mus\u00e9e Am\u00e9d\u00e9e-L\u00e9mozi et le centre de pr\u00e9histoire. Cabrerets, Lot (46) (Lang : fr, en, Catalano, Portugues, Italiano, Deutsch, Russian, Nederland).<\/p>\n<p><a href=\"http:\/\/www.chateau-bonaguil.com\" target=\"_blank\" rel=\"noopener noreferrer\"><u>www.chateau-bonaguil.com<\/u><\/a> : Ch\u00e2teau-fort des XIIIe, XVe, XVIe et XVIIIe si\u00e8cles; Class\u00e9 Monument Historique et Site Majeur d&rsquo;Aquitaine. (Lang : fr)<\/p>\n<p><a href=\"http:\/\/www.france-voyage.com\/en\/\" target=\"_blank\" rel=\"noopener noreferrer\"><u>www.france-voyage.com<\/u><\/a> : Guide de voyage en France : photos, tourisme, patrimoine, balades, activit\u00e9s de loisirs, villages pittoresques, traditions, gastronomie, paysages, h\u00e9bergement. (Lang : en, fr, Deutsch, Italiano, Catalano, Nederland).<\/p>\n<p><a href=\"http:\/\/www.lecuvierdesaintmartin.fr\" target=\"_blank\" rel=\"noopener noreferrer\"><u>www.lecuvierdesaintmartin.fr<\/u><\/a> : Entre le Puy-en-Velay et Saint Jacques de Compostelle (Via Arverna). Dans la vall\u00e9e de la Dordogne, pr\u00e8s de Rocamadour et du gouffre de Padirac g\u00eete d&rsquo;\u00e8tape, chambres et table d&rsquo;h\u00f4tes pour 10 pers. (Lang : en, fr, Deutsch, Italiano, Catalano, Nederland).<\/p>\n<p><a href=\"http:\/\/www.rhinocarhire.com\" target=\"_blank\" rel=\"noopener noreferrer\"><u>www.rhinocarhire.com<\/u><\/a>\u00a0 :\u00a0 Location de voitures en France.\u00a0 Propose une remise de 10% aux visiteurs qui r\u00e9servent un s\u00e9jour \u00e0 l&rsquo;Atelier de la Rose.\u00a0 Merci de contacter l&rsquo;Atelier de la Rose pour de plus amples renseignements. (Lang :\u00a0 en)<\/p>\n<p>&nbsp;<\/p>\n<p><b>ART, ARTISTES &amp; ECRIVAINS<\/b><\/p>\n<p><a href=\"http:\/\/www.resartis.org\/fr\" target=\"_blank\" rel=\"noopener noreferrer\"><u> www.resartis.org\/fr<\/u><\/a> : Res Artis, un reseau mondial pour artists, \u00e9crivains avec les informations sur les r\u00e9sidences. (Lang: en, fr, Catalano)<\/p>\n<p><a href=\"http:\/\/www.transartists.org\" target=\"_blank\" rel=\"noopener noreferrer\"><u> www.transartists.org<\/u><\/a> : your artist in residence guide. (Lang : en).<\/p>\n<p><a href=\"http:\/\/www.papierart.fr\" target=\"_blank\" rel=\"noopener noreferrer\"><u>www.papierart.fr<\/u><\/a> : Papier Art &#8211; les oeuvres contemporaines d&rsquo;art papier de l&rsquo;artiste plasticienne papier Pierrette Vergne. Sa galerie \u00e0 Prayssac (46220) se visite sur rendez-vous (Lang: en, fr).<\/p>\n<p>&nbsp;<\/p>\n<p>[\/et_pb_text][\/et_pb_column][\/et_pb_row][\/et_pb_section]<\/p>\n","protected":false},"excerpt":{"rendered":"<p>LIENS TOURISME ET PARTENAIRES Tourisme et h\u00e9bergements Atelier de la Rose 66 Place de la Bastide, 46700 Montcabrier tel : 05 65 24 66 36 cell : 06 87 82 33 18 www.chemins-compostelle.com : Une liste d&rsquo;h\u00e9bergements sur diff\u00e9rents itin\u00e9raires vers Saint-Jacques de Compostelle en France et en Espagne. www.tourisme-lot-vignoble.com : Site Internet de l&rsquo;office [&hellip;]<\/p>\n","protected":false},"author":1,"featured_media":0,"parent":0,"menu_order":0,"comment_status":"closed","ping_status":"closed","template":"","meta":{"_et_pb_use_builder":"on","_et_pb_old_content":"","_et_gb_content_width":"","footnotes":""},"class_list":["post-597","page","type-page","status-publish","hentry"],"yoast_head":"<!-- This site is optimized with the Yoast SEO plugin v27.5 - https:\/\/yoast.com\/product\/yoast-seo-wordpress\/ -->\n<title>Liens utiles et partenaires - Atelier de la Rose<\/title>\n<meta name=\"robots\" content=\"index, follow, max-snippet:-1, max-image-preview:large, max-video-preview:-1\" \/>\n<link rel=\"canonical\" href=\"https:\/\/www.french-rose.com\/fr\/useful-links\" \/>\n<meta property=\"og:locale\" content=\"fr_FR\" \/>\n<meta property=\"og:type\" content=\"article\" \/>\n<meta property=\"og:title\" content=\"Liens utiles et partenaires - Atelier de la Rose\" \/>\n<meta property=\"og:description\" content=\"LIENS TOURISME ET PARTENAIRES Tourisme et h\u00e9bergements Atelier de la Rose 66 Place de la Bastide, 46700 Montcabrier tel : 05 65 24 66 36 cell : 06 87 82 33 18 www.chemins-compostelle.com : Une liste d&#039;h\u00e9bergements sur diff\u00e9rents itin\u00e9raires vers Saint-Jacques de Compostelle en France et en Espagne. www.tourisme-lot-vignoble.com : Site Internet de l&#039;office [&hellip;]\" \/>\n<meta property=\"og:url\" content=\"https:\/\/www.french-rose.com\/fr\/useful-links\" \/>\n<meta property=\"og:site_name\" content=\"Atelier de la Rose\" \/>\n<meta property=\"article:modified_time\" content=\"2021-11-08T09:43:49+00:00\" \/>\n<meta name=\"twitter:card\" content=\"summary_large_image\" \/>\n<meta name=\"twitter:label1\" content=\"Dur\u00e9e de lecture estim\u00e9e\" \/>\n\t<meta name=\"twitter:data1\" content=\"6 minutes\" \/>\n<script type=\"application\/ld+json\" class=\"yoast-schema-graph\">{\"@context\":\"https:\\\/\\\/schema.org\",\"@graph\":[{\"@type\":\"WebPage\",\"@id\":\"https:\\\/\\\/www.french-rose.com\\\/fr\\\/useful-links\",\"url\":\"https:\\\/\\\/www.french-rose.com\\\/fr\\\/useful-links\",\"name\":\"Liens utiles et partenaires - Atelier de la Rose\",\"isPartOf\":{\"@id\":\"https:\\\/\\\/www.french-rose.com\\\/#website\"},\"datePublished\":\"2016-08-08T12:12:01+00:00\",\"dateModified\":\"2021-11-08T09:43:49+00:00\",\"breadcrumb\":{\"@id\":\"https:\\\/\\\/www.french-rose.com\\\/fr\\\/useful-links#breadcrumb\"},\"inLanguage\":\"fr-FR\",\"potentialAction\":[{\"@type\":\"ReadAction\",\"target\":[\"https:\\\/\\\/www.french-rose.com\\\/fr\\\/useful-links\"]}]},{\"@type\":\"BreadcrumbList\",\"@id\":\"https:\\\/\\\/www.french-rose.com\\\/fr\\\/useful-links#breadcrumb\",\"itemListElement\":[{\"@type\":\"ListItem\",\"position\":1,\"name\":\"Home\",\"item\":\"https:\\\/\\\/www.french-rose.com\\\/fr\"},{\"@type\":\"ListItem\",\"position\":2,\"name\":\"Liens utiles et partenaires\"}]},{\"@type\":\"WebSite\",\"@id\":\"https:\\\/\\\/www.french-rose.com\\\/#website\",\"url\":\"https:\\\/\\\/www.french-rose.com\\\/\",\"name\":\"Atelier de la Rose\",\"description\":\"Bed and breakfast  Lot,  Lot-Valley close to Cahors, Puy l&#039;Eveque, Bonaguil in  South West France\",\"potentialAction\":[{\"@type\":\"SearchAction\",\"target\":{\"@type\":\"EntryPoint\",\"urlTemplate\":\"https:\\\/\\\/www.french-rose.com\\\/?s={search_term_string}\"},\"query-input\":{\"@type\":\"PropertyValueSpecification\",\"valueRequired\":true,\"valueName\":\"search_term_string\"}}],\"inLanguage\":\"fr-FR\"}]}<\/script>\n<!-- \/ Yoast SEO plugin. -->","yoast_head_json":{"title":"Liens utiles et partenaires - Atelier de la Rose","robots":{"index":"index","follow":"follow","max-snippet":"max-snippet:-1","max-image-preview":"max-image-preview:large","max-video-preview":"max-video-preview:-1"},"canonical":"https:\/\/www.french-rose.com\/fr\/useful-links","og_locale":"fr_FR","og_type":"article","og_title":"Liens utiles et partenaires - Atelier de la Rose","og_description":"LIENS TOURISME ET PARTENAIRES Tourisme et h\u00e9bergements Atelier de la Rose 66 Place de la Bastide, 46700 Montcabrier tel : 05 65 24 66 36 cell : 06 87 82 33 18 www.chemins-compostelle.com : Une liste d'h\u00e9bergements sur diff\u00e9rents itin\u00e9raires vers Saint-Jacques de Compostelle en France et en Espagne. www.tourisme-lot-vignoble.com : Site Internet de l'office [&hellip;]","og_url":"https:\/\/www.french-rose.com\/fr\/useful-links","og_site_name":"Atelier de la Rose","article_modified_time":"2021-11-08T09:43:49+00:00","twitter_card":"summary_large_image","twitter_misc":{"Dur\u00e9e de lecture estim\u00e9e":"6 minutes"},"schema":{"@context":"https:\/\/schema.org","@graph":[{"@type":"WebPage","@id":"https:\/\/www.french-rose.com\/fr\/useful-links","url":"https:\/\/www.french-rose.com\/fr\/useful-links","name":"Liens utiles et partenaires - Atelier de la Rose","isPartOf":{"@id":"https:\/\/www.french-rose.com\/#website"},"datePublished":"2016-08-08T12:12:01+00:00","dateModified":"2021-11-08T09:43:49+00:00","breadcrumb":{"@id":"https:\/\/www.french-rose.com\/fr\/useful-links#breadcrumb"},"inLanguage":"fr-FR","potentialAction":[{"@type":"ReadAction","target":["https:\/\/www.french-rose.com\/fr\/useful-links"]}]},{"@type":"BreadcrumbList","@id":"https:\/\/www.french-rose.com\/fr\/useful-links#breadcrumb","itemListElement":[{"@type":"ListItem","position":1,"name":"Home","item":"https:\/\/www.french-rose.com\/fr"},{"@type":"ListItem","position":2,"name":"Liens utiles et partenaires"}]},{"@type":"WebSite","@id":"https:\/\/www.french-rose.com\/#website","url":"https:\/\/www.french-rose.com\/","name":"Atelier de la Rose","description":"Bed and breakfast  Lot,  Lot-Valley close to Cahors, Puy l&#039;Eveque, Bonaguil in  South West France","potentialAction":[{"@type":"SearchAction","target":{"@type":"EntryPoint","urlTemplate":"https:\/\/www.french-rose.com\/?s={search_term_string}"},"query-input":{"@type":"PropertyValueSpecification","valueRequired":true,"valueName":"search_term_string"}}],"inLanguage":"fr-FR"}]}},"_links":{"self":[{"href":"https:\/\/www.french-rose.com\/fr\/wp-json\/wp\/v2\/pages\/597","targetHints":{"allow":["GET"]}}],"collection":[{"href":"https:\/\/www.french-rose.com\/fr\/wp-json\/wp\/v2\/pages"}],"about":[{"href":"https:\/\/www.french-rose.com\/fr\/wp-json\/wp\/v2\/types\/page"}],"author":[{"embeddable":true,"href":"https:\/\/www.french-rose.com\/fr\/wp-json\/wp\/v2\/users\/1"}],"replies":[{"embeddable":true,"href":"https:\/\/www.french-rose.com\/fr\/wp-json\/wp\/v2\/comments?post=597"}],"version-history":[{"count":3,"href":"https:\/\/www.french-rose.com\/fr\/wp-json\/wp\/v2\/pages\/597\/revisions"}],"predecessor-version":[{"id":2038,"href":"https:\/\/www.french-rose.com\/fr\/wp-json\/wp\/v2\/pages\/597\/revisions\/2038"}],"wp:attachment":[{"href":"https:\/\/www.french-rose.com\/fr\/wp-json\/wp\/v2\/media?parent=597"}],"curies":[{"name":"wp","href":"https:\/\/api.w.org\/{rel}","templated":true}]}}