{"id":569,"date":"2016-08-08T11:40:39","date_gmt":"2016-08-08T11:40:39","guid":{"rendered":"http:\/\/www.french-rose.com\/fr\/about-sally"},"modified":"2021-11-08T09:48:42","modified_gmt":"2021-11-08T09:48:42","slug":"about-sally","status":"publish","type":"page","link":"https:\/\/www.french-rose.com\/fr\/about-sally","title":{"rendered":"Votre h\u00f4te Sally"},"content":{"rendered":"<p>[et_pb_section fb_built=\u00a0\u00bb1&Prime; fullwidth=\u00a0\u00bbon\u00a0\u00bb _builder_version=\u00a0\u00bb3.22&Prime; global_colors_info=\u00a0\u00bb{}\u00a0\u00bb][et_pb_fullwidth_slider show_pagination=\u00a0\u00bboff\u00a0\u00bb admin_label=\u00a0\u00bbSLIDER SALLY\u00a0\u00bb _builder_version=\u00a0\u00bb3.16&Prime; header_font=\u00a0\u00bbDancing Script||||\u00a0\u00bb header_font_size=\u00a0\u00bb73&Prime; header_letter_spacing=\u00a0\u00bb5px\u00a0\u00bb body_font=\u00a0\u00bbDancing Script||||\u00a0\u00bb parallax=\u00a0\u00bbon\u00a0\u00bb custom_button=\u00a0\u00bbon\u00a0\u00bb custom_padding=\u00a0\u00bb|||\u00a0\u00bb custom_padding_tablet=\u00a0\u00bb|||\u00a0\u00bb custom_padding_phone=\u00a0\u00bb|||\u00a0\u00bb auto=\u00a0\u00bbon\u00a0\u00bb auto_ignore_hover=\u00a0\u00bbon\u00a0\u00bb box_shadow_style=\u00a0\u00bbpreset6&Prime; box_shadow_blur=\u00a0\u00bb10px\u00a0\u00bb box_shadow_color=\u00a0\u00bbrgba(0,0,0,0.1)\u00a0\u00bb remove_inner_shadow=\u00a0\u00bboff\u00a0\u00bb hide_content_on_mobile=\u00a0\u00bboff\u00a0\u00bb hide_cta_on_mobile=\u00a0\u00bboff\u00a0\u00bb show_inner_shadow=\u00a0\u00bbon\u00a0\u00bb button_letter_spacing_hover=\u00a0\u00bb0&Prime; saved_tabs=\u00a0\u00bball\u00a0\u00bb global_colors_info=\u00a0\u00bb{}\u00a0\u00bb button_text_size__hover_enabled=\u00a0\u00bboff\u00a0\u00bb button_one_text_size__hover_enabled=\u00a0\u00bboff\u00a0\u00bb button_two_text_size__hover_enabled=\u00a0\u00bboff\u00a0\u00bb button_text_color__hover_enabled=\u00a0\u00bboff\u00a0\u00bb button_one_text_color__hover_enabled=\u00a0\u00bboff\u00a0\u00bb button_two_text_color__hover_enabled=\u00a0\u00bboff\u00a0\u00bb button_border_width__hover_enabled=\u00a0\u00bboff\u00a0\u00bb button_one_border_width__hover_enabled=\u00a0\u00bboff\u00a0\u00bb button_two_border_width__hover_enabled=\u00a0\u00bboff\u00a0\u00bb button_border_color__hover_enabled=\u00a0\u00bboff\u00a0\u00bb button_one_border_color__hover_enabled=\u00a0\u00bboff\u00a0\u00bb button_two_border_color__hover_enabled=\u00a0\u00bboff\u00a0\u00bb button_border_radius__hover_enabled=\u00a0\u00bboff\u00a0\u00bb button_one_border_radius__hover_enabled=\u00a0\u00bboff\u00a0\u00bb button_two_border_radius__hover_enabled=\u00a0\u00bboff\u00a0\u00bb button_letter_spacing__hover_enabled=\u00a0\u00bbon\u00a0\u00bb button_letter_spacing__hover=\u00a0\u00bb0&Prime; button_one_letter_spacing__hover_enabled=\u00a0\u00bboff\u00a0\u00bb button_two_letter_spacing__hover_enabled=\u00a0\u00bboff\u00a0\u00bb button_bg_color__hover_enabled=\u00a0\u00bboff\u00a0\u00bb button_one_bg_color__hover_enabled=\u00a0\u00bboff\u00a0\u00bb button_two_bg_color__hover_enabled=\u00a0\u00bboff\u00a0\u00bb][et_pb_slide heading=\u00a0\u00bbVotre h\u00f4te\u00a0\u00bb use_bg_overlay=\u00a0\u00bboff\u00a0\u00bb use_text_overlay=\u00a0\u00bboff\u00a0\u00bb arrows_custom_color=\u00a0\u00bb#eded6d\u00a0\u00bb dot_nav_custom_color=\u00a0\u00bb#b88ee2&Prime; _builder_version=\u00a0\u00bb3.16&Prime; header_font=\u00a0\u00bbDancing Script||||\u00a0\u00bb header_font_size=\u00a0\u00bb50&Prime; body_font=\u00a0\u00bb||||\u00a0\u00bb background_color=\u00a0\u00bb#ffffff\u00a0\u00bb background_image=\u00a0\u00bbhttps:\/\/www.french-rose.com\/wp-content\/uploads\/2016\/07\/roses-simple-amy-2.jpg\u00a0\u00bb custom_button=\u00a0\u00bbon\u00a0\u00bb button_bg_color=\u00a0\u00bbrgba(221,153,51,0.72)\u00a0\u00bb button_font=\u00a0\u00bb||||\u00a0\u00bb button_icon_placement=\u00a0\u00bbright\u00a0\u00bb button_on_hover=\u00a0\u00bbon\u00a0\u00bb header_font_size_tablet=\u00a0\u00bb60&Prime; header_font_size_phone=\u00a0\u00bb60&Prime; header_font_size_last_edited=\u00a0\u00bbon|\u00a0\u00bb global_colors_info=\u00a0\u00bb{}\u00a0\u00bb button_text_size__hover_enabled=\u00a0\u00bboff\u00a0\u00bb button_one_text_size__hover_enabled=\u00a0\u00bboff\u00a0\u00bb button_two_text_size__hover_enabled=\u00a0\u00bboff\u00a0\u00bb button_text_color__hover_enabled=\u00a0\u00bboff\u00a0\u00bb button_one_text_color__hover_enabled=\u00a0\u00bboff\u00a0\u00bb button_two_text_color__hover_enabled=\u00a0\u00bboff\u00a0\u00bb button_border_width__hover_enabled=\u00a0\u00bboff\u00a0\u00bb button_one_border_width__hover_enabled=\u00a0\u00bboff\u00a0\u00bb button_two_border_width__hover_enabled=\u00a0\u00bboff\u00a0\u00bb button_border_color__hover_enabled=\u00a0\u00bboff\u00a0\u00bb button_one_border_color__hover_enabled=\u00a0\u00bboff\u00a0\u00bb button_two_border_color__hover_enabled=\u00a0\u00bboff\u00a0\u00bb button_border_radius__hover_enabled=\u00a0\u00bboff\u00a0\u00bb button_one_border_radius__hover_enabled=\u00a0\u00bboff\u00a0\u00bb button_two_border_radius__hover_enabled=\u00a0\u00bboff\u00a0\u00bb button_letter_spacing__hover_enabled=\u00a0\u00bboff\u00a0\u00bb button_one_letter_spacing__hover_enabled=\u00a0\u00bboff\u00a0\u00bb button_two_letter_spacing__hover_enabled=\u00a0\u00bboff\u00a0\u00bb button_bg_color__hover_enabled=\u00a0\u00bboff\u00a0\u00bb button_one_bg_color__hover_enabled=\u00a0\u00bboff\u00a0\u00bb button_two_bg_color__hover_enabled=\u00a0\u00bboff\u00a0\u00bb sticky_transition=\u00a0\u00bbon\u00a0\u00bb][\/et_pb_slide][\/et_pb_fullwidth_slider][\/et_pb_section][et_pb_section fb_built=\u00a0\u00bb1&Prime; custom_padding_last_edited=\u00a0\u00bbon|desktop\u00a0\u00bb _builder_version=\u00a0\u00bb3.22&Prime; background_color=\u00a0\u00bb#ffffff\u00a0\u00bb background_image=\u00a0\u00bbhttps:\/\/www.french-rose.com\/wp-content\/uploads\/2016\/07\/rose-amy-8-BG-1.jpg\u00a0\u00bb custom_padding_tablet=\u00a0\u00bb50px|0|50px|0&Prime; custom_padding_phone=\u00a0\u00bb\u00a0\u00bb transparent_background=\u00a0\u00bboff\u00a0\u00bb padding_mobile=\u00a0\u00bboff\u00a0\u00bb make_fullwidth=\u00a0\u00bboff\u00a0\u00bb use_custom_width=\u00a0\u00bboff\u00a0\u00bb width_unit=\u00a0\u00bbon\u00a0\u00bb global_colors_info=\u00a0\u00bb{}\u00a0\u00bb][et_pb_row column_structure=\u00a0\u00bb2_3,1_3&Prime; _builder_version=\u00a0\u00bb3.25&Prime; background_size=\u00a0\u00bbinitial\u00a0\u00bb background_position=\u00a0\u00bbtop_left\u00a0\u00bb background_repeat=\u00a0\u00bbrepeat\u00a0\u00bb global_colors_info=\u00a0\u00bb{}\u00a0\u00bb][et_pb_column type=\u00a0\u00bb2_3&Prime; _builder_version=\u00a0\u00bb3.25&Prime; custom_padding=\u00a0\u00bb|||\u00a0\u00bb global_colors_info=\u00a0\u00bb{}\u00a0\u00bb custom_padding__hover=\u00a0\u00bb|||\u00a0\u00bb][et_pb_text admin_label=\u00a0\u00bbTitle\u00a0\u00bb _builder_version=\u00a0\u00bb3.27.4&Prime; header_line_height=\u00a0\u00bb1.1em\u00a0\u00bb background_size=\u00a0\u00bbinitial\u00a0\u00bb background_position=\u00a0\u00bbtop_left\u00a0\u00bb background_repeat=\u00a0\u00bbrepeat\u00a0\u00bb text_orientation=\u00a0\u00bbcenter\u00a0\u00bb module_alignment=\u00a0\u00bbcenter\u00a0\u00bb custom_padding=\u00a0\u00bb30px|8px|35px|8px\u00a0\u00bb use_border_color=\u00a0\u00bboff\u00a0\u00bb border_color=\u00a0\u00bb#ffffff\u00a0\u00bb border_style=\u00a0\u00bbsolid\u00a0\u00bb global_colors_info=\u00a0\u00bb{}\u00a0\u00bb]<\/p>\n<h2 style=\"text-align: center;\">Votre h\u00f4te :\u00a0 Sally Gaucheron<\/h2>\n<p>[\/et_pb_text][et_pb_text admin_label=\u00a0\u00bbTEXTE MODULE SALLY\u00a0\u00bb _builder_version=\u00a0\u00bb4.7.0&Prime; background_size=\u00a0\u00bbinitial\u00a0\u00bb background_position=\u00a0\u00bbtop_left\u00a0\u00bb background_repeat=\u00a0\u00bbrepeat\u00a0\u00bb text_orientation=\u00a0\u00bbcenter\u00a0\u00bb module_alignment=\u00a0\u00bbcenter\u00a0\u00bb custom_padding=\u00a0\u00bb50px|25px|50px|25px\u00a0\u00bb use_border_color=\u00a0\u00bboff\u00a0\u00bb saved_tabs=\u00a0\u00bball\u00a0\u00bb global_colors_info=\u00a0\u00bb{}\u00a0\u00bb]<\/p>\n<p style=\"text-align: left;\">En 1991, l&rsquo;Atelier de la Rose devient la demeure de Sally Gaucheron (historienne d&rsquo;art) et de Ed Herring (artiste et professeur d&rsquo;arts plastiques).<\/p>\n<p style=\"text-align: left;\">L&rsquo;atelier d&rsquo;artiste, qui fut le centre d&rsquo;\u00e9tudes visuelles de Ed Herring jusqu&rsquo;\u00e0 son d\u00e9c\u00e8s en 2003, est un espace de travail exclusif pour artistes et \u00e9crivains.<\/p>\n<p style=\"text-align: left;\">D\u00e8s le d\u00e9but, ils ont accueilli et aid\u00e9 les voyageurs de tous horizons \u00e0 d\u00e9couvrir les richesses de cette partie de la France. L&rsquo;exp\u00e9rience de l&rsquo;Atelier de la Rose a conduit Sally \u00e0 d\u00e9velopper sa gamme de visites guid\u00e9es afin que les visiteurs n&rsquo;aient pas besoin de leur propre moyen de transport pour explorer la beaut\u00e9 et l&rsquo;histoire de ce coin de l&rsquo;Occitanie.<\/p>\n<p>[\/et_pb_text][\/et_pb_column][et_pb_column type=\u00a0\u00bb1_3&Prime; _builder_version=\u00a0\u00bb3.25&Prime; custom_padding=\u00a0\u00bb|||\u00a0\u00bb global_colors_info=\u00a0\u00bb{}\u00a0\u00bb custom_padding__hover=\u00a0\u00bb|||\u00a0\u00bb][et_pb_text admin_label=\u00a0\u00bbADDRESS\u00a0\u00bb _builder_version=\u00a0\u00bb4.13.0&Prime; background_size=\u00a0\u00bbinitial\u00a0\u00bb background_position=\u00a0\u00bbtop_left\u00a0\u00bb background_repeat=\u00a0\u00bbrepeat\u00a0\u00bb module_alignment=\u00a0\u00bbleft\u00a0\u00bb custom_padding=\u00a0\u00bb10px|20px|20px|20px\u00a0\u00bb hover_enabled=\u00a0\u00bb0&Prime; border_color_all=\u00a0\u00bboff\u00a0\u00bb use_border_color=\u00a0\u00bboff\u00a0\u00bb border_color=\u00a0\u00bb#ffffff\u00a0\u00bb border_style=\u00a0\u00bbsolid\u00a0\u00bb saved_tabs=\u00a0\u00bball\u00a0\u00bb global_colors_info=\u00a0\u00bb{}\u00a0\u00bb sticky_enabled=\u00a0\u00bb0&Prime;]<\/p>\n<p style=\"text-align: center;\"><span style=\"font-size: 14pt; color: #0000ff;\">Atelier de la <span style=\"color: #ff0010;\">R<\/span>ose<\/span><br \/>66 Place de la Bastide,<br \/>46700 Montcabrier<br \/>tel : 05 65 24 66 36<br \/>cell : 06 87 82 33 18<\/p>\n<p>[\/et_pb_text][et_pb_image src=\u00a0\u00bbhttps:\/\/www.french-rose.com\/wp-content\/uploads\/2017\/11\/sally-table-e1510646424902.jpg\u00a0\u00bb show_in_lightbox=\u00a0\u00bbon\u00a0\u00bb show_bottom_space=\u00a0\u00bboff\u00a0\u00bb align_tablet=\u00a0\u00bbcenter\u00a0\u00bb align_phone=\u00a0\u00bb\u00a0\u00bb align_last_edited=\u00a0\u00bbon|desktop\u00a0\u00bb admin_label=\u00a0\u00bbImage Sally\u00a0\u00bb _builder_version=\u00a0\u00bb3.23&Prime; animation_style=\u00a0\u00bbfade\u00a0\u00bb animation_duration=\u00a0\u00bb500ms\u00a0\u00bb border_color_all=\u00a0\u00bboff\u00a0\u00bb use_border_color=\u00a0\u00bboff\u00a0\u00bb border_color=\u00a0\u00bb#ffffff\u00a0\u00bb border_style=\u00a0\u00bbsolid\u00a0\u00bb animation=\u00a0\u00bbfade_in\u00a0\u00bb sticky=\u00a0\u00bboff\u00a0\u00bb always_center_on_mobile=\u00a0\u00bbon\u00a0\u00bb global_colors_info=\u00a0\u00bb{}\u00a0\u00bb][\/et_pb_image][\/et_pb_column][\/et_pb_row][\/et_pb_section]<\/p>\n","protected":false},"excerpt":{"rendered":"<p>Votre h\u00f4te :\u00a0 Sally Gaucheron En 1991, l&rsquo;Atelier de la Rose devient la demeure de Sally Gaucheron (historienne d&rsquo;art) et de Ed Herring (artiste et professeur d&rsquo;arts plastiques). L&rsquo;atelier d&rsquo;artiste, qui fut le centre d&rsquo;\u00e9tudes visuelles de Ed Herring jusqu&rsquo;\u00e0 son d\u00e9c\u00e8s en 2003, est un espace de travail exclusif pour artistes et \u00e9crivains. D\u00e8s [&hellip;]<\/p>\n","protected":false},"author":1,"featured_media":0,"parent":0,"menu_order":0,"comment_status":"closed","ping_status":"closed","template":"","meta":{"_et_pb_use_builder":"on","_et_pb_old_content":"","_et_gb_content_width":"","footnotes":""},"class_list":["post-569","page","type-page","status-publish","hentry"],"yoast_head":"<!-- This site is optimized with the Yoast SEO plugin v27.5 - https:\/\/yoast.com\/product\/yoast-seo-wordpress\/ -->\n<title>Votre h\u00f4te Sally - Atelier de la Rose<\/title>\n<meta name=\"robots\" content=\"index, follow, max-snippet:-1, max-image-preview:large, max-video-preview:-1\" \/>\n<link rel=\"canonical\" href=\"https:\/\/www.french-rose.com\/fr\/about-sally\" \/>\n<meta property=\"og:locale\" content=\"fr_FR\" \/>\n<meta property=\"og:type\" content=\"article\" \/>\n<meta property=\"og:title\" content=\"Votre h\u00f4te Sally - Atelier de la Rose\" \/>\n<meta property=\"og:description\" content=\"Votre h\u00f4te :\u00a0 Sally Gaucheron En 1991, l&#039;Atelier de la Rose devient la demeure de Sally Gaucheron (historienne d&#039;art) et de Ed Herring (artiste et professeur d&#039;arts plastiques). L&#039;atelier d&#039;artiste, qui fut le centre d&#039;\u00e9tudes visuelles de Ed Herring jusqu&#039;\u00e0 son d\u00e9c\u00e8s en 2003, est un espace de travail exclusif pour artistes et \u00e9crivains. D\u00e8s [&hellip;]\" \/>\n<meta property=\"og:url\" content=\"https:\/\/www.french-rose.com\/fr\/about-sally\" \/>\n<meta property=\"og:site_name\" content=\"Atelier de la Rose\" \/>\n<meta property=\"article:modified_time\" content=\"2021-11-08T09:48:42+00:00\" \/>\n<meta name=\"twitter:card\" content=\"summary_large_image\" \/>\n<meta name=\"twitter:label1\" content=\"Dur\u00e9e de lecture estim\u00e9e\" \/>\n\t<meta name=\"twitter:data1\" content=\"5 minutes\" \/>\n<script type=\"application\/ld+json\" class=\"yoast-schema-graph\">{\"@context\":\"https:\\\/\\\/schema.org\",\"@graph\":[{\"@type\":\"WebPage\",\"@id\":\"https:\\\/\\\/www.french-rose.com\\\/fr\\\/about-sally\",\"url\":\"https:\\\/\\\/www.french-rose.com\\\/fr\\\/about-sally\",\"name\":\"Votre h\u00f4te Sally - Atelier de la Rose\",\"isPartOf\":{\"@id\":\"https:\\\/\\\/www.french-rose.com\\\/#website\"},\"datePublished\":\"2016-08-08T11:40:39+00:00\",\"dateModified\":\"2021-11-08T09:48:42+00:00\",\"breadcrumb\":{\"@id\":\"https:\\\/\\\/www.french-rose.com\\\/fr\\\/about-sally#breadcrumb\"},\"inLanguage\":\"fr-FR\",\"potentialAction\":[{\"@type\":\"ReadAction\",\"target\":[\"https:\\\/\\\/www.french-rose.com\\\/fr\\\/about-sally\"]}]},{\"@type\":\"BreadcrumbList\",\"@id\":\"https:\\\/\\\/www.french-rose.com\\\/fr\\\/about-sally#breadcrumb\",\"itemListElement\":[{\"@type\":\"ListItem\",\"position\":1,\"name\":\"Home\",\"item\":\"https:\\\/\\\/www.french-rose.com\\\/fr\"},{\"@type\":\"ListItem\",\"position\":2,\"name\":\"Votre h\u00f4te Sally\"}]},{\"@type\":\"WebSite\",\"@id\":\"https:\\\/\\\/www.french-rose.com\\\/#website\",\"url\":\"https:\\\/\\\/www.french-rose.com\\\/\",\"name\":\"Atelier de la Rose\",\"description\":\"Bed and breakfast  Lot,  Lot-Valley close to Cahors, Puy l&#039;Eveque, Bonaguil in  South West France\",\"potentialAction\":[{\"@type\":\"SearchAction\",\"target\":{\"@type\":\"EntryPoint\",\"urlTemplate\":\"https:\\\/\\\/www.french-rose.com\\\/?s={search_term_string}\"},\"query-input\":{\"@type\":\"PropertyValueSpecification\",\"valueRequired\":true,\"valueName\":\"search_term_string\"}}],\"inLanguage\":\"fr-FR\"}]}<\/script>\n<!-- \/ Yoast SEO plugin. -->","yoast_head_json":{"title":"Votre h\u00f4te Sally - Atelier de la Rose","robots":{"index":"index","follow":"follow","max-snippet":"max-snippet:-1","max-image-preview":"max-image-preview:large","max-video-preview":"max-video-preview:-1"},"canonical":"https:\/\/www.french-rose.com\/fr\/about-sally","og_locale":"fr_FR","og_type":"article","og_title":"Votre h\u00f4te Sally - Atelier de la Rose","og_description":"Votre h\u00f4te :\u00a0 Sally Gaucheron En 1991, l'Atelier de la Rose devient la demeure de Sally Gaucheron (historienne d'art) et de Ed Herring (artiste et professeur d'arts plastiques). L'atelier d'artiste, qui fut le centre d'\u00e9tudes visuelles de Ed Herring jusqu'\u00e0 son d\u00e9c\u00e8s en 2003, est un espace de travail exclusif pour artistes et \u00e9crivains. D\u00e8s [&hellip;]","og_url":"https:\/\/www.french-rose.com\/fr\/about-sally","og_site_name":"Atelier de la Rose","article_modified_time":"2021-11-08T09:48:42+00:00","twitter_card":"summary_large_image","twitter_misc":{"Dur\u00e9e de lecture estim\u00e9e":"5 minutes"},"schema":{"@context":"https:\/\/schema.org","@graph":[{"@type":"WebPage","@id":"https:\/\/www.french-rose.com\/fr\/about-sally","url":"https:\/\/www.french-rose.com\/fr\/about-sally","name":"Votre h\u00f4te Sally - Atelier de la Rose","isPartOf":{"@id":"https:\/\/www.french-rose.com\/#website"},"datePublished":"2016-08-08T11:40:39+00:00","dateModified":"2021-11-08T09:48:42+00:00","breadcrumb":{"@id":"https:\/\/www.french-rose.com\/fr\/about-sally#breadcrumb"},"inLanguage":"fr-FR","potentialAction":[{"@type":"ReadAction","target":["https:\/\/www.french-rose.com\/fr\/about-sally"]}]},{"@type":"BreadcrumbList","@id":"https:\/\/www.french-rose.com\/fr\/about-sally#breadcrumb","itemListElement":[{"@type":"ListItem","position":1,"name":"Home","item":"https:\/\/www.french-rose.com\/fr"},{"@type":"ListItem","position":2,"name":"Votre h\u00f4te Sally"}]},{"@type":"WebSite","@id":"https:\/\/www.french-rose.com\/#website","url":"https:\/\/www.french-rose.com\/","name":"Atelier de la Rose","description":"Bed and breakfast  Lot,  Lot-Valley close to Cahors, Puy l&#039;Eveque, Bonaguil in  South West France","potentialAction":[{"@type":"SearchAction","target":{"@type":"EntryPoint","urlTemplate":"https:\/\/www.french-rose.com\/?s={search_term_string}"},"query-input":{"@type":"PropertyValueSpecification","valueRequired":true,"valueName":"search_term_string"}}],"inLanguage":"fr-FR"}]}},"_links":{"self":[{"href":"https:\/\/www.french-rose.com\/fr\/wp-json\/wp\/v2\/pages\/569","targetHints":{"allow":["GET"]}}],"collection":[{"href":"https:\/\/www.french-rose.com\/fr\/wp-json\/wp\/v2\/pages"}],"about":[{"href":"https:\/\/www.french-rose.com\/fr\/wp-json\/wp\/v2\/types\/page"}],"author":[{"embeddable":true,"href":"https:\/\/www.french-rose.com\/fr\/wp-json\/wp\/v2\/users\/1"}],"replies":[{"embeddable":true,"href":"https:\/\/www.french-rose.com\/fr\/wp-json\/wp\/v2\/comments?post=569"}],"version-history":[{"count":5,"href":"https:\/\/www.french-rose.com\/fr\/wp-json\/wp\/v2\/pages\/569\/revisions"}],"predecessor-version":[{"id":2050,"href":"https:\/\/www.french-rose.com\/fr\/wp-json\/wp\/v2\/pages\/569\/revisions\/2050"}],"wp:attachment":[{"href":"https:\/\/www.french-rose.com\/fr\/wp-json\/wp\/v2\/media?parent=569"}],"curies":[{"name":"wp","href":"https:\/\/api.w.org\/{rel}","templated":true}]}}