{"id":562,"date":"2016-08-02T15:04:35","date_gmt":"2016-08-02T15:04:35","guid":{"rendered":"http:\/\/www.french-rose.com\/fr\/tariff-residencies"},"modified":"2022-01-29T13:16:57","modified_gmt":"2022-01-29T13:16:57","slug":"tariff-residencies","status":"publish","type":"page","link":"https:\/\/www.french-rose.com\/fr\/tariff-residencies","title":{"rendered":"Tariff residencies"},"content":{"rendered":"<p>[et_pb_section fb_built=\u00a0\u00bb1&Prime; fullwidth=\u00a0\u00bbon\u00a0\u00bb _builder_version=\u00a0\u00bb3.22&Prime; global_colors_info=\u00a0\u00bb{}\u00a0\u00bb][et_pb_fullwidth_slider show_pagination=\u00a0\u00bboff\u00a0\u00bb admin_label=\u00a0\u00bbSLIDER TARIFF RESIDENCIES\u00a0\u00bb _builder_version=\u00a0\u00bb3.18.2&Prime; header_font=\u00a0\u00bbDancing Script||||\u00a0\u00bb header_font_size=\u00a0\u00bb73&Prime; header_letter_spacing=\u00a0\u00bb5px\u00a0\u00bb body_font=\u00a0\u00bbDancing Script||||\u00a0\u00bb parallax=\u00a0\u00bbon\u00a0\u00bb custom_button=\u00a0\u00bbon\u00a0\u00bb custom_padding=\u00a0\u00bb|||\u00a0\u00bb auto=\u00a0\u00bbon\u00a0\u00bb auto_ignore_hover=\u00a0\u00bbon\u00a0\u00bb saved_tabs=\u00a0\u00bball\u00a0\u00bb global_colors_info=\u00a0\u00bb{}\u00a0\u00bb button_text_size__hover_enabled=\u00a0\u00bboff\u00a0\u00bb button_text_size__hover=\u00a0\u00bbnull\u00a0\u00bb button_one_text_size__hover_enabled=\u00a0\u00bboff\u00a0\u00bb button_one_text_size__hover=\u00a0\u00bbnull\u00a0\u00bb button_two_text_size__hover_enabled=\u00a0\u00bboff\u00a0\u00bb button_two_text_size__hover=\u00a0\u00bbnull\u00a0\u00bb button_text_color__hover_enabled=\u00a0\u00bboff\u00a0\u00bb button_text_color__hover=\u00a0\u00bbnull\u00a0\u00bb button_one_text_color__hover_enabled=\u00a0\u00bboff\u00a0\u00bb button_one_text_color__hover=\u00a0\u00bbnull\u00a0\u00bb button_two_text_color__hover_enabled=\u00a0\u00bboff\u00a0\u00bb button_two_text_color__hover=\u00a0\u00bbnull\u00a0\u00bb button_border_width__hover_enabled=\u00a0\u00bboff\u00a0\u00bb button_border_width__hover=\u00a0\u00bbnull\u00a0\u00bb button_one_border_width__hover_enabled=\u00a0\u00bboff\u00a0\u00bb button_one_border_width__hover=\u00a0\u00bbnull\u00a0\u00bb button_two_border_width__hover_enabled=\u00a0\u00bboff\u00a0\u00bb button_two_border_width__hover=\u00a0\u00bbnull\u00a0\u00bb button_border_color__hover_enabled=\u00a0\u00bboff\u00a0\u00bb button_border_color__hover=\u00a0\u00bbnull\u00a0\u00bb button_one_border_color__hover_enabled=\u00a0\u00bboff\u00a0\u00bb button_one_border_color__hover=\u00a0\u00bbnull\u00a0\u00bb button_two_border_color__hover_enabled=\u00a0\u00bboff\u00a0\u00bb button_two_border_color__hover=\u00a0\u00bbnull\u00a0\u00bb button_border_radius__hover_enabled=\u00a0\u00bboff\u00a0\u00bb button_border_radius__hover=\u00a0\u00bbnull\u00a0\u00bb button_one_border_radius__hover_enabled=\u00a0\u00bboff\u00a0\u00bb button_one_border_radius__hover=\u00a0\u00bbnull\u00a0\u00bb button_two_border_radius__hover_enabled=\u00a0\u00bboff\u00a0\u00bb button_two_border_radius__hover=\u00a0\u00bbnull\u00a0\u00bb button_letter_spacing__hover_enabled=\u00a0\u00bbon\u00a0\u00bb button_letter_spacing__hover=\u00a0\u00bb0&Prime; button_one_letter_spacing__hover_enabled=\u00a0\u00bboff\u00a0\u00bb button_one_letter_spacing__hover=\u00a0\u00bbnull\u00a0\u00bb button_two_letter_spacing__hover_enabled=\u00a0\u00bboff\u00a0\u00bb button_two_letter_spacing__hover=\u00a0\u00bbnull\u00a0\u00bb button_bg_color__hover_enabled=\u00a0\u00bboff\u00a0\u00bb button_bg_color__hover=\u00a0\u00bbnull\u00a0\u00bb button_one_bg_color__hover_enabled=\u00a0\u00bboff\u00a0\u00bb button_one_bg_color__hover=\u00a0\u00bbnull\u00a0\u00bb button_two_bg_color__hover_enabled=\u00a0\u00bboff\u00a0\u00bb button_two_bg_color__hover=\u00a0\u00bbnull\u00a0\u00bb][et_pb_slide heading=\u00a0\u00bbTarifs r\u00e9sidences\u00a0\u00bb use_bg_overlay=\u00a0\u00bboff\u00a0\u00bb use_text_overlay=\u00a0\u00bboff\u00a0\u00bb arrows_custom_color=\u00a0\u00bb#eded6d\u00a0\u00bb dot_nav_custom_color=\u00a0\u00bb#b88ee2&Prime; _builder_version=\u00a0\u00bb3.18.2&Prime; header_font_size=\u00a0\u00bb50&Prime; body_font=\u00a0\u00bb||||\u00a0\u00bb background_color=\u00a0\u00bb#ffffff\u00a0\u00bb background_image=\u00a0\u00bbhttps:\/\/www.french-rose.com\/wp-content\/uploads\/2016\/08\/3.Studios-rose-garden-3000.jpg\u00a0\u00bb background_position=\u00a0\u00bbtop_left\u00a0\u00bb custom_button=\u00a0\u00bbon\u00a0\u00bb button_bg_color=\u00a0\u00bbrgba(221,153,51,0.72)\u00a0\u00bb button_font=\u00a0\u00bb||||\u00a0\u00bb button_use_icon=\u00a0\u00bbon\u00a0\u00bb button_on_hover=\u00a0\u00bbon\u00a0\u00bb header_font_size_tablet=\u00a0\u00bb60&Prime; header_font_size_phone=\u00a0\u00bb60&Prime; header_font_size_last_edited=\u00a0\u00bbon|\u00a0\u00bb global_colors_info=\u00a0\u00bb{}\u00a0\u00bb sticky_transition=\u00a0\u00bbon\u00a0\u00bb][\/et_pb_slide][\/et_pb_fullwidth_slider][\/et_pb_section][et_pb_section fb_built=\u00a0\u00bb1&Prime; custom_padding_last_edited=\u00a0\u00bbon|desktop\u00a0\u00bb admin_label=\u00a0\u00bbsection\u00a0\u00bb _builder_version=\u00a0\u00bb3.22&Prime; background_color=\u00a0\u00bb#ffffff\u00a0\u00bb parallax=\u00a0\u00bbon\u00a0\u00bb parallax_method=\u00a0\u00bboff\u00a0\u00bb custom_padding_tablet=\u00a0\u00bb50px|0|50px|0&Prime; custom_padding_phone=\u00a0\u00bb\u00a0\u00bb global_colors_info=\u00a0\u00bb{}\u00a0\u00bb][et_pb_row column_structure=\u00a0\u00bb2_3,1_3&Prime; _builder_version=\u00a0\u00bb3.25&Prime; background_size=\u00a0\u00bbinitial\u00a0\u00bb background_position=\u00a0\u00bbtop_left\u00a0\u00bb background_repeat=\u00a0\u00bbrepeat\u00a0\u00bb global_colors_info=\u00a0\u00bb{}\u00a0\u00bb][et_pb_column type=\u00a0\u00bb2_3&Prime; _builder_version=\u00a0\u00bb3.25&Prime; custom_padding=\u00a0\u00bb|||\u00a0\u00bb global_colors_info=\u00a0\u00bb{}\u00a0\u00bb custom_padding__hover=\u00a0\u00bb|||\u00a0\u00bb][et_pb_text admin_label=\u00a0\u00bbTitle\u00a0\u00bb _builder_version=\u00a0\u00bb4.9.3&Prime; header_line_height=\u00a0\u00bb1.1em\u00a0\u00bb background_size=\u00a0\u00bbinitial\u00a0\u00bb background_position=\u00a0\u00bbtop_left\u00a0\u00bb background_repeat=\u00a0\u00bbrepeat\u00a0\u00bb module_alignment=\u00a0\u00bbleft\u00a0\u00bb custom_padding=\u00a0\u00bb30px|8px|35px|8px\u00a0\u00bb use_border_color=\u00a0\u00bboff\u00a0\u00bb border_color=\u00a0\u00bb#ffffff\u00a0\u00bb border_style=\u00a0\u00bbsolid\u00a0\u00bb global_colors_info=\u00a0\u00bb{}\u00a0\u00bb]<\/p>\n<h2 style=\"text-align: center;\">TARIFS<br \/>R\u00e9sidence d&rsquo;artiste ou d&rsquo;\u00e9crivain<\/h2>\n<p>[\/et_pb_text][\/et_pb_column][et_pb_column type=\u00a0\u00bb1_3&Prime; _builder_version=\u00a0\u00bb3.25&Prime; custom_padding=\u00a0\u00bb|||\u00a0\u00bb global_colors_info=\u00a0\u00bb{}\u00a0\u00bb custom_padding__hover=\u00a0\u00bb|||\u00a0\u00bb][et_pb_text admin_label=\u00a0\u00bbADDRESS\u00a0\u00bb _builder_version=\u00a0\u00bb4.13.0&Prime; background_size=\u00a0\u00bbinitial\u00a0\u00bb background_position=\u00a0\u00bbtop_left\u00a0\u00bb background_repeat=\u00a0\u00bbrepeat\u00a0\u00bb module_alignment=\u00a0\u00bbleft\u00a0\u00bb custom_padding=\u00a0\u00bb10px|20px|20px|20px\u00a0\u00bb border_color_all=\u00a0\u00bboff\u00a0\u00bb use_border_color=\u00a0\u00bboff\u00a0\u00bb border_color=\u00a0\u00bb#ffffff\u00a0\u00bb border_style=\u00a0\u00bbsolid\u00a0\u00bb saved_tabs=\u00a0\u00bball\u00a0\u00bb global_colors_info=\u00a0\u00bb{}\u00a0\u00bb]<\/p>\n<p style=\"text-align: center;\"><span style=\"font-size: 14pt; color: #0000ff;\">Atelier de la <span style=\"color: #ff0010;\">R<\/span>ose<\/span><br \/>66 Place de la Bastide,<br \/>46700 Montcabrier<br \/>tel : 05 65 24 66 36<br \/>cell : 06 87 82 33 18<\/p>\n<div id=\"ConstellationButtonContainerb591217b-ca51-4bcf-9391-cf8bdd9dc810\" style=\"width: 100%; text-align: center;\" title=\"Atelier de la Rose\" data-id-projet=\"b591217bca514bcf9391cf8bdd9dc810\">Chargement en cours&#8230;<\/div>\n<p><script type=\"text\/javascript\" src=\"https:\/\/reservation.elloha.com\/Scripts\/widget-loader.min.js?v=40\"><\/script> <script type=\"text\/javascript\">var constellationWidgetUrlb591217bca514bcf9391cf8bdd9dc810, constellationTypeModuleb591217bca514bcf9391cf8bdd9dc810; constellationWidgetUrlb591217bca514bcf9391cf8bdd9dc810 = 'https:\/\/reservation.elloha.com\/Widget\/BookingButton\/b591217b-ca51-4bcf-9391-cf8bdd9dc810?idoi=84dcc683-d233-49af-a887-3cbe97685a79&culture=en-EN'; constellationTypeModuleb591217bca514bcf9391cf8bdd9dc810=3; constellationBookingButtonLoad('ConstellationButtonContainerb591217b-ca51-4bcf-9391-cf8bdd9dc810');<\/script><\/p>\n<p>[\/et_pb_text][\/et_pb_column][\/et_pb_row][et_pb_row admin_label=\u00a0\u00bbrow\u00a0\u00bb _builder_version=\u00a0\u00bb3.25&Prime; background_size=\u00a0\u00bbinitial\u00a0\u00bb background_position=\u00a0\u00bbtop_left\u00a0\u00bb background_repeat=\u00a0\u00bbrepeat\u00a0\u00bb global_colors_info=\u00a0\u00bb{}\u00a0\u00bb][et_pb_column type=\u00a0\u00bb4_4&Prime; _builder_version=\u00a0\u00bb3.25&Prime; custom_padding=\u00a0\u00bb|||\u00a0\u00bb global_colors_info=\u00a0\u00bb{}\u00a0\u00bb custom_padding__hover=\u00a0\u00bb|||\u00a0\u00bb][et_pb_text admin_label=\u00a0\u00bbTEXTE MODULE TARIFF RESIDENCIES \u00a0\u00bb _builder_version=\u00a0\u00bb4.14.7&Prime; text_font_size=\u00a0\u00bb18&Prime; background_size=\u00a0\u00bbinitial\u00a0\u00bb background_position=\u00a0\u00bbtop_left\u00a0\u00bb background_repeat=\u00a0\u00bbrepeat\u00a0\u00bb module_alignment=\u00a0\u00bbleft\u00a0\u00bb custom_padding=\u00a0\u00bb32px|25px|32px|25px\u00a0\u00bb hover_enabled=\u00a0\u00bb0&Prime; border_width_all=\u00a0\u00bb3px\u00a0\u00bb border_color_all=\u00a0\u00bboff\u00a0\u00bb use_border_color=\u00a0\u00bboff\u00a0\u00bb border_color=\u00a0\u00bb#ffffff\u00a0\u00bb border_width=\u00a0\u00bb3px\u00a0\u00bb border_style=\u00a0\u00bbsolid\u00a0\u00bb saved_tabs=\u00a0\u00bball\u00a0\u00bb global_colors_info=\u00a0\u00bb{}\u00a0\u00bb sticky_enabled=\u00a0\u00bb0&Prime;]<\/p>\n<p><a href=\"https:\/\/www.french-rose.com\/wp-content\/uploads\/2022\/01\/res-mult-2022-fr.pdf\" target=\"_blank\" rel=\"noopener noreferrer\">T\u00e9l\u00e9charger les tarifs au format PDF<\/a><\/p>\n<p><strong>Il s&rsquo;agit de nos tarifs de r\u00e9sidence, pour des s\u00e9jours d&rsquo;une \u00e0 six semaines en pension compl\u00e8te ou en demi-pension. Pour les s\u00e9jours plus courts, pour une retraite plut\u00f4t qu&rsquo;une r\u00e9sidence, notre tarif journalier est de 30 euros (voir la page \u00ab\u00a0Retraites et R\u00e9sidences\u00a0\u00bb).<\/strong><strong><br \/><\/strong><\/p>\n<p><em>Nos tarifs sont valables jusqu&rsquo;au 31 d\u00e9cembre 2022.<\/em><\/p>\n<p>[\/et_pb_text][\/et_pb_column][\/et_pb_row][\/et_pb_section]<\/p>\n","protected":false},"excerpt":{"rendered":"<p>TARIFSR\u00e9sidence d&rsquo;artiste ou d&rsquo;\u00e9crivainAtelier de la Rose66 Place de la Bastide,46700 Montcabriertel : 05 65 24 66 36cell : 06 87 82 33 18 Chargement en cours&#8230; T\u00e9l\u00e9charger les tarifs au format PDF Il s&rsquo;agit de nos tarifs de r\u00e9sidence, pour des s\u00e9jours d&rsquo;une \u00e0 six semaines en pension compl\u00e8te ou en demi-pension. Pour les [&hellip;]<\/p>\n","protected":false},"author":1,"featured_media":0,"parent":0,"menu_order":0,"comment_status":"closed","ping_status":"closed","template":"","meta":{"_et_pb_use_builder":"on","_et_pb_old_content":"","_et_gb_content_width":"","footnotes":""},"class_list":["post-562","page","type-page","status-publish","hentry"],"yoast_head":"<!-- This site is optimized with the Yoast SEO plugin v27.6 - https:\/\/yoast.com\/product\/yoast-seo-wordpress\/ -->\n<title>Tarifs r\u00e9sidence<\/title>\n<meta name=\"robots\" content=\"index, follow, max-snippet:-1, max-image-preview:large, max-video-preview:-1\" \/>\n<link rel=\"canonical\" href=\"https:\/\/www.french-rose.com\/fr\/tariff-residencies\" \/>\n<meta property=\"og:locale\" content=\"fr_FR\" \/>\n<meta property=\"og:type\" content=\"article\" \/>\n<meta property=\"og:title\" content=\"Tarifs r\u00e9sidence\" \/>\n<meta property=\"og:description\" content=\"TARIFSR\u00e9sidence d&#039;artiste ou d&#039;\u00e9crivainAtelier de la Rose66 Place de la Bastide,46700 Montcabriertel : 05 65 24 66 36cell : 06 87 82 33 18 Chargement en cours... T\u00e9l\u00e9charger les tarifs au format PDF Il s&#039;agit de nos tarifs de r\u00e9sidence, pour des s\u00e9jours d&#039;une \u00e0 six semaines en pension compl\u00e8te ou en demi-pension. Pour les [&hellip;]\" \/>\n<meta property=\"og:url\" content=\"https:\/\/www.french-rose.com\/fr\/tariff-residencies\" \/>\n<meta property=\"og:site_name\" content=\"Atelier de la Rose\" \/>\n<meta property=\"article:modified_time\" content=\"2022-01-29T13:16:57+00:00\" \/>\n<meta name=\"twitter:card\" content=\"summary_large_image\" \/>\n<meta name=\"twitter:label1\" content=\"Dur\u00e9e de lecture estim\u00e9e\" \/>\n\t<meta name=\"twitter:data1\" content=\"2 minutes\" \/>\n<script type=\"application\/ld+json\" class=\"yoast-schema-graph\">{\"@context\":\"https:\\\/\\\/schema.org\",\"@graph\":[{\"@type\":\"WebPage\",\"@id\":\"https:\\\/\\\/www.french-rose.com\\\/fr\\\/tariff-residencies\",\"url\":\"https:\\\/\\\/www.french-rose.com\\\/fr\\\/tariff-residencies\",\"name\":\"Tarifs r\u00e9sidence\",\"isPartOf\":{\"@id\":\"https:\\\/\\\/www.french-rose.com\\\/#website\"},\"datePublished\":\"2016-08-02T15:04:35+00:00\",\"dateModified\":\"2022-01-29T13:16:57+00:00\",\"breadcrumb\":{\"@id\":\"https:\\\/\\\/www.french-rose.com\\\/fr\\\/tariff-residencies#breadcrumb\"},\"inLanguage\":\"fr-FR\",\"potentialAction\":[{\"@type\":\"ReadAction\",\"target\":[\"https:\\\/\\\/www.french-rose.com\\\/fr\\\/tariff-residencies\"]}]},{\"@type\":\"BreadcrumbList\",\"@id\":\"https:\\\/\\\/www.french-rose.com\\\/fr\\\/tariff-residencies#breadcrumb\",\"itemListElement\":[{\"@type\":\"ListItem\",\"position\":1,\"name\":\"Home\",\"item\":\"https:\\\/\\\/www.french-rose.com\\\/fr\"},{\"@type\":\"ListItem\",\"position\":2,\"name\":\"Tariff residencies\"}]},{\"@type\":\"WebSite\",\"@id\":\"https:\\\/\\\/www.french-rose.com\\\/#website\",\"url\":\"https:\\\/\\\/www.french-rose.com\\\/\",\"name\":\"Atelier de la Rose\",\"description\":\"Bed and breakfast  Lot,  Lot-Valley close to Cahors, Puy l&#039;Eveque, Bonaguil in  South West France\",\"potentialAction\":[{\"@type\":\"SearchAction\",\"target\":{\"@type\":\"EntryPoint\",\"urlTemplate\":\"https:\\\/\\\/www.french-rose.com\\\/?s={search_term_string}\"},\"query-input\":{\"@type\":\"PropertyValueSpecification\",\"valueRequired\":true,\"valueName\":\"search_term_string\"}}],\"inLanguage\":\"fr-FR\"}]}<\/script>\n<!-- \/ Yoast SEO plugin. -->","yoast_head_json":{"title":"Tarifs r\u00e9sidence","robots":{"index":"index","follow":"follow","max-snippet":"max-snippet:-1","max-image-preview":"max-image-preview:large","max-video-preview":"max-video-preview:-1"},"canonical":"https:\/\/www.french-rose.com\/fr\/tariff-residencies","og_locale":"fr_FR","og_type":"article","og_title":"Tarifs r\u00e9sidence","og_description":"TARIFSR\u00e9sidence d'artiste ou d'\u00e9crivainAtelier de la Rose66 Place de la Bastide,46700 Montcabriertel : 05 65 24 66 36cell : 06 87 82 33 18 Chargement en cours... T\u00e9l\u00e9charger les tarifs au format PDF Il s'agit de nos tarifs de r\u00e9sidence, pour des s\u00e9jours d'une \u00e0 six semaines en pension compl\u00e8te ou en demi-pension. Pour les [&hellip;]","og_url":"https:\/\/www.french-rose.com\/fr\/tariff-residencies","og_site_name":"Atelier de la Rose","article_modified_time":"2022-01-29T13:16:57+00:00","twitter_card":"summary_large_image","twitter_misc":{"Dur\u00e9e de lecture estim\u00e9e":"2 minutes"},"schema":{"@context":"https:\/\/schema.org","@graph":[{"@type":"WebPage","@id":"https:\/\/www.french-rose.com\/fr\/tariff-residencies","url":"https:\/\/www.french-rose.com\/fr\/tariff-residencies","name":"Tarifs r\u00e9sidence","isPartOf":{"@id":"https:\/\/www.french-rose.com\/#website"},"datePublished":"2016-08-02T15:04:35+00:00","dateModified":"2022-01-29T13:16:57+00:00","breadcrumb":{"@id":"https:\/\/www.french-rose.com\/fr\/tariff-residencies#breadcrumb"},"inLanguage":"fr-FR","potentialAction":[{"@type":"ReadAction","target":["https:\/\/www.french-rose.com\/fr\/tariff-residencies"]}]},{"@type":"BreadcrumbList","@id":"https:\/\/www.french-rose.com\/fr\/tariff-residencies#breadcrumb","itemListElement":[{"@type":"ListItem","position":1,"name":"Home","item":"https:\/\/www.french-rose.com\/fr"},{"@type":"ListItem","position":2,"name":"Tariff residencies"}]},{"@type":"WebSite","@id":"https:\/\/www.french-rose.com\/#website","url":"https:\/\/www.french-rose.com\/","name":"Atelier de la Rose","description":"Bed and breakfast  Lot,  Lot-Valley close to Cahors, Puy l&#039;Eveque, Bonaguil in  South West France","potentialAction":[{"@type":"SearchAction","target":{"@type":"EntryPoint","urlTemplate":"https:\/\/www.french-rose.com\/?s={search_term_string}"},"query-input":{"@type":"PropertyValueSpecification","valueRequired":true,"valueName":"search_term_string"}}],"inLanguage":"fr-FR"}]}},"_links":{"self":[{"href":"https:\/\/www.french-rose.com\/fr\/wp-json\/wp\/v2\/pages\/562","targetHints":{"allow":["GET"]}}],"collection":[{"href":"https:\/\/www.french-rose.com\/fr\/wp-json\/wp\/v2\/pages"}],"about":[{"href":"https:\/\/www.french-rose.com\/fr\/wp-json\/wp\/v2\/types\/page"}],"author":[{"embeddable":true,"href":"https:\/\/www.french-rose.com\/fr\/wp-json\/wp\/v2\/users\/1"}],"replies":[{"embeddable":true,"href":"https:\/\/www.french-rose.com\/fr\/wp-json\/wp\/v2\/comments?post=562"}],"version-history":[{"count":7,"href":"https:\/\/www.french-rose.com\/fr\/wp-json\/wp\/v2\/pages\/562\/revisions"}],"predecessor-version":[{"id":2155,"href":"https:\/\/www.french-rose.com\/fr\/wp-json\/wp\/v2\/pages\/562\/revisions\/2155"}],"wp:attachment":[{"href":"https:\/\/www.french-rose.com\/fr\/wp-json\/wp\/v2\/media?parent=562"}],"curies":[{"name":"wp","href":"https:\/\/api.w.org\/{rel}","templated":true}]}}